{"id":25,"date":"2023-01-28T22:59:57","date_gmt":"2023-01-28T22:59:57","guid":{"rendered":"http:\/\/np2023test-tech.preview-domain.com\/?page_id=25"},"modified":"2025-06-06T23:46:41","modified_gmt":"2025-06-06T23:46:41","slug":"quienes-somos","status":"publish","type":"page","link":"https:\/\/ennuestroparche.com\/index.php\/quienes-somos\/","title":{"rendered":"Nuestra identidad"},"content":{"rendered":"\n<p>Somos un medio de comunicaci\u00f3n digital con una fuerte perspectiva social y participativa. Brindamos informaci\u00f3n \u00e9tica, responsable e imparcial para fomentar el desarrollo comunitario, econ\u00f3mico y ambiental. Nos centramos en los territorios de Cali, trabajando con emprendedores, empresarios y entidades estatales.<\/p>\n\n\n\n<p><\/p>\n\n\n\n<p><strong>Misi\u00f3n<\/strong><\/p>\n\n\n\n<p>Proporcionar informaci\u00f3n importante en el \u00e1mbito social, econ\u00f3mico y ambiental en Cali para contribuir al desarrollo econ\u00f3mico y la participaci\u00f3n ciudadana de la ciudad. Logramos alcanzar este objetivo haciendo uso de nuestro portal web, redes sociales, productos de comunicaci\u00f3n escrita y audiovisual.<\/p>\n\n\n\n<p><strong>Visi\u00f3n<\/strong><\/p>\n\n\n\n<p>En el 2026, nuestra empresa ser\u00e1 reconocida como l\u00edder de la comunicaci\u00f3n en Cali, por nuestro trabajo en el campo del periodismo. La promoci\u00f3n que ofrecemos a las peque\u00f1as y medianas empresas mediante la publicidad y herramientas de medios, hemos logrado impulsar su crecimiento y desarrollo.<\/p>\n\n\n\n<figure class=\"wp-block-embed is-type-video is-provider-youtube wp-block-embed-youtube wp-embed-aspect-16-9 wp-has-aspect-ratio\"><div class=\"wp-block-embed__wrapper\">\n<iframe loading=\"lazy\" title=\"M\u00e1s all\u00e1 de las noticias: La misi\u00f3n de Nuestro Parche\" width=\"640\" height=\"360\" src=\"https:\/\/www.youtube.com\/embed\/HBoWZuPVGj8?feature=oembed\" frameborder=\"0\" allow=\"accelerometer; autoplay; clipboard-write; encrypted-media; gyroscope; picture-in-picture; web-share\" referrerpolicy=\"strict-origin-when-cross-origin\" allowfullscreen><\/iframe>\n<\/div><\/figure>\n\n\n\n<p><strong>NUESTRO BANCO DE IM\u00c1GENES LIBRES DE DERECHOS DE AUTOR.<\/strong><\/p>\n\n\n\n<p class=\"has-x-large-font-size\"><strong><a href=\"https:\/\/ennuestroparche.com\/index.php\/manual-de-proteccion-de-datospersonales\/\" title=\"Ley de Protecci\u00f3n de Datos.\">Ley de Protecci\u00f3n de Datos.<\/a><\/strong><\/p>\n\n\n\n<div class=\"is-layout-flex wp-block-buttons alignwide\">\n<div class=\"wp-block-button\"><a class=\"wp-block-button__link wp-element-button\" href=\"\" target=\"_blank\" rel=\"noreferrer noopener\"><mark style=\"background-color:rgba(0, 0, 0, 0)\" class=\"has-inline-color has-white-color\">Pexels<\/mark><\/a><\/div>\n\n\n\n<div class=\"wp-block-button\"><a class=\"wp-block-button__link wp-element-button\" href=\"\" target=\"_blank\" rel=\"noreferrer noopener\"><mark style=\"background-color:rgba(0, 0, 0, 0)\" class=\"has-inline-color has-white-color\">Pixabay<\/mark><\/a><\/div>\n\n\n\n<div class=\"wp-block-button\"><a class=\"wp-block-button__link wp-element-button\" href=\"\" target=\"_blank\" rel=\"noreferrer noopener\"><mark style=\"background-color:rgba(0, 0, 0, 0)\" class=\"has-inline-color has-white-color\">freepik<\/mark><\/a><\/div>\n\n\n\n<div class=\"wp-block-button\"><a class=\"wp-block-button__link wp-element-button\" href=\"\" target=\"_blank\" rel=\"noreferrer noopener\"><mark style=\"background-color:rgba(0, 0, 0, 0)\" class=\"has-inline-color has-white-color\">Fiftysounds<\/mark><\/a><\/div>\n\n\n\n<div class=\"wp-block-button\"><a class=\"wp-block-button__link wp-element-button\" href=\"\" target=\"_blank\" rel=\"noreferrer noopener\"><mark style=\"background-color:rgba(0, 0, 0, 0)\" class=\"has-inline-color has-white-color\">Freeaudiolibrary<\/mark><\/a><\/div>\n\n\n\n<div class=\"wp-block-button\"><a class=\"wp-block-button__link wp-element-button\" href=\"\" target=\"_blank\" rel=\"noreferrer noopener\"><mark style=\"background-color:rgba(0, 0, 0, 0)\" class=\"has-inline-color has-white-color\">Epidemicsound<\/mark><\/a><\/div>\n<\/div>\n\n\n\n<div class=\"wp-block-media-text alignwide has-media-on-the-right is-stacked-on-mobile\"><div class=\"wp-block-media-text__content\">\n<p>Jhon, un ni\u00f1o lleno de curiosidad y entusiasmo, se atrevi\u00f3 a dar su primer paso en el mundo de las entrevistas \ud83c\udfa4. Acompa\u00f1ado por la psic\u00f3loga M\u00f3nica Castrill\u00f3n, quien le brind\u00f3 sabios consejos y palabras de aliento, Jhon comparti\u00f3 su experiencia, demostrando que no hay edad para aprender y crecer.<\/p>\n<\/div><figure class=\"wp-block-media-text__media\"><video controls src=\"https:\/\/ennuestroparche.com\/wp-content\/uploads\/2024\/07\/Spsicologia-Monica-Castrillon-entrevistando-a-uno-de-nuestros-colaboradores..mp4\"><\/video><\/figure><\/div>\n\n\n\n<div class=\"wp-block-media-text alignwide is-stacked-on-mobile\"><figure class=\"wp-block-media-text__media\"><video controls src=\"https:\/\/ennuestroparche.com\/wp-content\/uploads\/2024\/07\/freddy-impulsando-a-Nuestro-Parc-he.mp4\"><\/video><\/figure><div class=\"wp-block-media-text__content\">\n<p>El presidente del CPC, <strong>Fredy Le\u00f3n Cu\u00e9llar,<\/strong> recomienda a Nuestro Parche por su contribuci\u00f3n al periodismo local. \u00a1Gracias por su apoyo! \ud83d\udce2\u2728<\/p>\n<\/div><\/div>\n\n\n\n<p>Algunos de nuestros colaboradores que pasaron por Nuestro Parche<\/p>\n\n\n\n<figure class=\"is-layout-flex wp-block-gallery-2 wp-block-gallery has-nested-images columns-default is-cropped\">\n<figure class=\"wp-block-image size-full\"><img decoding=\"async\" loading=\"lazy\" width=\"720\" height=\"940\" data-id=\"2184\"  src=\"https:\/\/ennuestroparche.com\/wp-content\/uploads\/2024\/07\/unnamed-copia.jpg\" alt=\"\" class=\"wp-image-2184\" srcset=\"https:\/\/ennuestroparche.com\/wp-content\/uploads\/2024\/07\/unnamed-copia.jpg 720w, https:\/\/ennuestroparche.com\/wp-content\/uploads\/2024\/07\/unnamed-copia-230x300.jpg 230w\" sizes=\"(max-width: 720px) 100vw, 720px\" \/><\/figure>\n\n\n\n<figure class=\"wp-block-image size-large\"><img decoding=\"async\" loading=\"lazy\" width=\"1024\" height=\"682\" data-id=\"2174\"  src=\"https:\/\/ennuestroparche.com\/wp-content\/uploads\/2024\/07\/WhatsApp-Image-2024-06-17-at-7.42.32-PM-1024x682.jpeg\" alt=\"\" class=\"wp-image-2174\" srcset=\"https:\/\/ennuestroparche.com\/wp-content\/uploads\/2024\/07\/WhatsApp-Image-2024-06-17-at-7.42.32-PM-1024x682.jpeg 1024w, https:\/\/ennuestroparche.com\/wp-content\/uploads\/2024\/07\/WhatsApp-Image-2024-06-17-at-7.42.32-PM-300x200.jpeg 300w, https:\/\/ennuestroparche.com\/wp-content\/uploads\/2024\/07\/WhatsApp-Image-2024-06-17-at-7.42.32-PM-768x512.jpeg 768w, https:\/\/ennuestroparche.com\/wp-content\/uploads\/2024\/07\/WhatsApp-Image-2024-06-17-at-7.42.32-PM-1536x1023.jpeg 1536w, https:\/\/ennuestroparche.com\/wp-content\/uploads\/2024\/07\/WhatsApp-Image-2024-06-17-at-7.42.32-PM.jpeg 1600w\" sizes=\"(max-width: 1024px) 100vw, 1024px\" \/><\/figure>\n\n\n\n<figure class=\"wp-block-image size-large\"><img decoding=\"async\" loading=\"lazy\" width=\"1024\" height=\"682\" data-id=\"2173\"  src=\"https:\/\/ennuestroparche.com\/wp-content\/uploads\/2024\/07\/WhatsApp-Image-2024-06-25-at-10.35.05-AM-1024x682.jpeg\" alt=\"\" class=\"wp-image-2173\" srcset=\"https:\/\/ennuestroparche.com\/wp-content\/uploads\/2024\/07\/WhatsApp-Image-2024-06-25-at-10.35.05-AM-1024x682.jpeg 1024w, https:\/\/ennuestroparche.com\/wp-content\/uploads\/2024\/07\/WhatsApp-Image-2024-06-25-at-10.35.05-AM-300x200.jpeg 300w, https:\/\/ennuestroparche.com\/wp-content\/uploads\/2024\/07\/WhatsApp-Image-2024-06-25-at-10.35.05-AM-768x511.jpeg 768w, https:\/\/ennuestroparche.com\/wp-content\/uploads\/2024\/07\/WhatsApp-Image-2024-06-25-at-10.35.05-AM-1536x1022.jpeg 1536w, https:\/\/ennuestroparche.com\/wp-content\/uploads\/2024\/07\/WhatsApp-Image-2024-06-25-at-10.35.05-AM.jpeg 1600w\" sizes=\"(max-width: 1024px) 100vw, 1024px\" \/><\/figure>\n\n\n\n<figure class=\"wp-block-image size-large\"><img decoding=\"async\" loading=\"lazy\" width=\"1024\" height=\"461\" data-id=\"2180\"  src=\"https:\/\/ennuestroparche.com\/wp-content\/uploads\/2024\/07\/unnamed-1-1024x461.jpg\" alt=\"\" class=\"wp-image-2180\" srcset=\"https:\/\/ennuestroparche.com\/wp-content\/uploads\/2024\/07\/unnamed-1-1024x461.jpg 1024w, https:\/\/ennuestroparche.com\/wp-content\/uploads\/2024\/07\/unnamed-1-300x135.jpg 300w, https:\/\/ennuestroparche.com\/wp-content\/uploads\/2024\/07\/unnamed-1-768x345.jpg 768w, https:\/\/ennuestroparche.com\/wp-content\/uploads\/2024\/07\/unnamed-1-1536x691.jpg 1536w, https:\/\/ennuestroparche.com\/wp-content\/uploads\/2024\/07\/unnamed-1.jpg 2048w\" sizes=\"(max-width: 1024px) 100vw, 1024px\" \/><\/figure>\n\n\n\n<figure class=\"wp-block-image size-large\"><img decoding=\"async\" loading=\"lazy\" width=\"1024\" height=\"1024\" data-id=\"2183\"  src=\"https:\/\/ennuestroparche.com\/wp-content\/uploads\/2024\/07\/353020519_5868807916558353_7544824693888460023_n-1-1024x1024.jpg\" alt=\"\" class=\"wp-image-2183\" srcset=\"https:\/\/ennuestroparche.com\/wp-content\/uploads\/2024\/07\/353020519_5868807916558353_7544824693888460023_n-1-1024x1024.jpg 1024w, https:\/\/ennuestroparche.com\/wp-content\/uploads\/2024\/07\/353020519_5868807916558353_7544824693888460023_n-1-300x300.jpg 300w, https:\/\/ennuestroparche.com\/wp-content\/uploads\/2024\/07\/353020519_5868807916558353_7544824693888460023_n-1-150x150.jpg 150w, https:\/\/ennuestroparche.com\/wp-content\/uploads\/2024\/07\/353020519_5868807916558353_7544824693888460023_n-1-768x768.jpg 768w, https:\/\/ennuestroparche.com\/wp-content\/uploads\/2024\/07\/353020519_5868807916558353_7544824693888460023_n-1.jpg 1080w\" sizes=\"(max-width: 1024px) 100vw, 1024px\" \/><\/figure>\n<\/figure>\n\n\n\n<p><strong>BRAND BOOK NUESTRO PARCHE<\/strong><\/p>\n\n\n\n<div class=\"wp-block-file\"><object class=\"wp-block-file__embed\" data=\"https:\/\/ennuestroparche.com\/wp-content\/uploads\/2024\/06\/BRAND-BOOK-NP-1.pdf\" type=\"application\/pdf\" style=\"width:100%;height:600px\" aria-label=\"Incrustado de Libro de Marca Nuestro Parche BRAND-BOOK-NP-1.\"><\/object><a id=\"wp-block-file--media-9aeb4a5b-5f74-427e-8335-123db35b9395\" href=\"https:\/\/ennuestroparche.com\/wp-content\/uploads\/2024\/06\/BRAND-BOOK-NP-1.pdf\">Libro de Marca Nuestro Parche BRAND-BOOK-NP-1<\/a><a href=\"https:\/\/ennuestroparche.com\/wp-content\/uploads\/2024\/06\/BRAND-BOOK-NP-1.pdf\" class=\"wp-block-file__button wp-element-button\" download aria-describedby=\"wp-block-file--media-9aeb4a5b-5f74-427e-8335-123db35b9395\">Descarga<\/a><\/div>\n\n\n\n<p>Portafolio 2025<\/p>\n\n\n\n<div class=\"wp-block-file\"><object class=\"wp-block-file__embed\" data=\"https:\/\/ennuestroparche.com\/wp-content\/uploads\/2025\/06\/Portafolio-NP-2025-1.pdf\" type=\"application\/pdf\" style=\"width:100%;height:600px\" aria-label=\"Incrustado de Portafolio-NP-2025-1.\"><\/object><a id=\"wp-block-file--media-c96e19e7-2f15-433f-897b-1dfff071347f\" href=\"https:\/\/ennuestroparche.com\/wp-content\/uploads\/2025\/06\/Portafolio-NP-2025-1.pdf\">Portafolio-NP-2025-1<\/a><a href=\"https:\/\/ennuestroparche.com\/wp-content\/uploads\/2025\/06\/Portafolio-NP-2025-1.pdf\" class=\"wp-block-file__button wp-element-button\" download aria-describedby=\"wp-block-file--media-c96e19e7-2f15-433f-897b-1dfff071347f\">Descarga<\/a><\/div>\n","protected":false},"excerpt":{"rendered":"<p>Somos un medio de comunicaci\u00f3n digital con una fuerte perspectiva social y participativa. Brindamos informaci\u00f3n&#8230;<\/p>\n","protected":false},"author":2,"featured_media":0,"parent":0,"menu_order":0,"comment_status":"closed","ping_status":"closed","template":"","meta":{"om_disable_all_campaigns":false,"_mi_skip_tracking":false},"aioseo_notices":[],"_links":{"self":[{"href":"https:\/\/ennuestroparche.com\/index.php\/wp-json\/wp\/v2\/pages\/25"}],"collection":[{"href":"https:\/\/ennuestroparche.com\/index.php\/wp-json\/wp\/v2\/pages"}],"about":[{"href":"https:\/\/ennuestroparche.com\/index.php\/wp-json\/wp\/v2\/types\/page"}],"author":[{"embeddable":true,"href":"https:\/\/ennuestroparche.com\/index.php\/wp-json\/wp\/v2\/users\/2"}],"replies":[{"embeddable":true,"href":"https:\/\/ennuestroparche.com\/index.php\/wp-json\/wp\/v2\/comments?post=25"}],"version-history":[{"count":18,"href":"https:\/\/ennuestroparche.com\/index.php\/wp-json\/wp\/v2\/pages\/25\/revisions"}],"predecessor-version":[{"id":2492,"href":"https:\/\/ennuestroparche.com\/index.php\/wp-json\/wp\/v2\/pages\/25\/revisions\/2492"}],"wp:attachment":[{"href":"https:\/\/ennuestroparche.com\/index.php\/wp-json\/wp\/v2\/media?parent=25"}],"curies":[{"name":"wp","href":"https:\/\/api.w.org\/{rel}","templated":true}]}}