{"id":1393,"date":"2023-08-08T14:58:54","date_gmt":"2023-08-08T14:58:54","guid":{"rendered":"https:\/\/ennuestroparche.com\/?page_id=1393"},"modified":"2023-08-08T15:21:14","modified_gmt":"2023-08-08T15:21:14","slug":"manual-de-proteccion-de-datospersonales","status":"publish","type":"page","link":"https:\/\/ennuestroparche.com\/index.php\/manual-de-proteccion-de-datospersonales\/","title":{"rendered":"Manual de Protecci\u00f3n de Datos<br>Personales"},"content":{"rendered":"\n<p>Nuestro Parche SAS<br>Somos un medio de comunicaci\u00f3n digital con una fuerte perspectiva social y participativa. Brindamos informaci\u00f3n \u00e9tica, responsable e imparcial para fomentar el desarrollo comunitario, econ\u00f3mico y ambiental. Nos centramos en los territorios de Cali, trabajando con emprendedores, empresarios y entidades estatales.<\/p>\n\n\n\n<ol>\n<li>Informaci\u00f3n de la Empresa:<br>\u2022 Nombre de la empresa: Nuestro Parche SAS<br>\u2022 Raz\u00f3n social y NIT: 90163378-7<br>\u2022 Actividad principal: Creaci\u00f3n y realizaci\u00f3n de campa\u00f1as de<br>publicidad<br>\u2022 Actividades secundarias: Estudios de mercado y realizaci\u00f3n de<br>encuestas de opini\u00f3n p\u00fablica, venta directa a trav\u00e9s de internet,<br>subastas por internet.<\/li>\n\n\n\n<li>Ubicaci\u00f3n:<br>\u2022 Direcci\u00f3n: Cra 73 # 3-39 \/ Oficina segundo piso, Barrio Buenos Aires<br>\u2022 Informaci\u00f3n de contacto: Celular 3044156573 \u2013<br>prensa@ennuestroparche.com<\/li>\n\n\n\n<li>Datos de Contacto Responsable de Protecci\u00f3n de Datos:<br>\u2022 Nombre del responsable: Elizabeth Romo Gonz\u00e1lez<br>\u2022 Correo electr\u00f3nico y n\u00famero de contacto: 3152848533 &#8211;<br>elizacs98@gmail.com<\/li>\n<\/ol>\n\n\n\n<ol start=\"4\">\n<li>Descripci\u00f3n de los Datos Personales Tratados:<br>\u2022 Tipos de datos personales: Nombres, direcciones, n\u00fameros de<br>tel\u00e9fono, correos electr\u00f3nicos<br>\u2022 Categor\u00edas especiales de datos: Intereses, gustos, preferencias o<br>actividad econ\u00f3mica.<\/li>\n\n\n\n<li>Finalidad del Tratamiento:<br>\u2022 Prop\u00f3sitos para los cuales se recopilan y utilizan los datos<br>personales: Enviar informaci\u00f3n sobre los servicios de la empresa,<br>llegar a acuerdos de negociaci\u00f3n.<\/li>\n\n\n\n<li>Consentimiento:<br>\u2022 Los titulares de datos personales proporcionan su consentimiento a<br>trav\u00e9s de formularios de autorizaci\u00f3n o al marcar una casilla de<br>consentimiento en l\u00ednea al registrarse en nuestros servicios.<\/li>\n\n\n\n<li>Procedimientos Internos:<br>\u2022 Recolecci\u00f3n de datos: Llamadas, contacto por correo electr\u00f3nico,<br>visitas presenciales, formatos de autorizaci\u00f3n, portal web.<br>\u2022 Almacenamiento y procesamiento: Datos almacenados en sistemas<br>seguros y acceso restringido a personal autorizado.<br>\u2022 Medidas de seguridad: Encriptaci\u00f3n de datos, autenticaci\u00f3n de<br>usuarios, capacitaci\u00f3n del personal.<br>\u2022 Retenci\u00f3n y eliminaci\u00f3n: Los datos se retienen durante el tiempo<br>necesario para cumplir con las finalidades y se eliminan de manera<br>segura una vez cumplido dicho plazo.<\/li>\n\n\n\n<li>Derechos de los Titulares:<br>\u2022 Los titulares pueden ejercer sus derechos de acceso, rectificaci\u00f3n,<br>actualizaci\u00f3n, supresi\u00f3n y oposici\u00f3n enviando una solicitud al<br>responsable de protecci\u00f3n de datos.<\/li>\n\n\n\n<li>Transferencias Internacionales:<br>\u2022 Nuestro Parche SAS no realiza transferencias internacionales de<br>datos.<\/li>\n<\/ol>\n\n\n\n<ol start=\"10\">\n<li>Reporte de Brechas de Seguridad:<br>\u2022 En caso de una brecha de seguridad de datos, se notificar\u00e1 a la<br>autoridad de protecci\u00f3n de datos y a los titulares afectados dentro de<br>las 72 horas posteriores a la detecci\u00f3n. Se tomar\u00e1n medidas para<br>mitigar los efectos y prevenir futuras violaciones.<\/li>\n\n\n\n<li>Capacitaci\u00f3n y Concienciaci\u00f3n:<br>\u2022 Nuestro Parche SAS implementa sesiones de capacitaci\u00f3n peri\u00f3dicas<br>para el personal sobre la importancia de la protecci\u00f3n de datos y las<br>pol\u00edticas de privacidad.<\/li>\n\n\n\n<li>Pol\u00edtica de Privacidad y Aviso de Tratamiento:<br>\u2022 Al registrarse en nuestros servicios, los clientes recibir\u00e1n un aviso de<br>tratamiento y una pol\u00edtica de privacidad que describe c\u00f3mo se<br>manejar\u00e1n sus datos personales.<\/li>\n\n\n\n<li>Actualizaciones y Revisi\u00f3n:<br>\u2022 El manual se mantendr\u00e1 actualizado y se revisar\u00e1 de manera<br>peri\u00f3dica para asegurarse de cumplir con cambios en la legislaci\u00f3n y<br>las pr\u00e1cticas de la empresa.<br>Nuestro Parche SAS<\/li>\n\n\n\n<li>Pol\u00edtica de Privacidad y Aviso de Tratamiento:<br>Al registrarse en nuestros servicios, los clientes recibir\u00e1n un aviso de<br>tratamiento y una pol\u00edtica de privacidad que describe c\u00f3mo se manejar\u00e1n<br>sus datos personales. Este aviso contendr\u00e1 informaci\u00f3n detallada sobre los<br>prop\u00f3sitos del tratamiento, los derechos de los titulares y los<br>procedimientos para ejercer esos derechos. Adem\u00e1s, se incluir\u00e1 una<br>declaraci\u00f3n de consentimiento que el titular deber\u00e1 marcar para confirmar<br>su aceptaci\u00f3n.<\/li>\n\n\n\n<li>Actualizaciones y Revisi\u00f3n:<br>Este manual se mantendr\u00e1 actualizado y se revisar\u00e1 de manera peri\u00f3dica<br>para asegurarse de cumplir con cambios en la legislaci\u00f3n y las pr\u00e1cticas de<br>la empresa. Las actualizaciones se comunicar\u00e1n al personal y se llevar\u00e1 a<br>cabo una capacitaci\u00f3n adicional si es necesario. Se asignar\u00e1 la <\/li>\n\n\n\n<li>responsabilidad de supervisar y ejecutar las actualizaciones y revisiones al<\/li>\n\n\n\n<li>Responsable de Protecci\u00f3n de Datos.<\/li>\n\n\n\n<li>Contacto:<br>Para cualquier pregunta o consulta relacionada con la protecci\u00f3n de datos<br>personales en \u00abNuestro Parche SAS\u00bb, por favor contacte al Responsable de<br>Protecci\u00f3n de Datos:<br>\u2022 Nombre: Elizabeth Romo Gonz\u00e1lez<br>\u2022 Correo electr\u00f3nico: elizacs98@gmail.com<\/li>\n\n\n\n<li>Anexos:<br>\u2022 Formularios de consentimiento.<br>\u2022 Formatos de solicitud de ejercicio de derechos de los titulares.<br>Este manual de protecci\u00f3n de datos ha sido creado de acuerdo con la Ley<br>1581 de 2012 en Colombia y est\u00e1 dise\u00f1ado para guiar a \u00abNuestro Parche<br>SAS\u00bb en sus pr\u00e1cticas de manejo de datos personales. Recuerda que este es<br>un documento de referencia importante para tu empresa y debe ser<br>implementado y seguido de manera rigurosa para asegurar la protecci\u00f3n<br>de los datos personales y el cumplimiento legal.<\/li>\n<\/ol>\n\n\n\n<p><\/p>\n\n\n\n<div class=\"wp-block-file\"><object class=\"wp-block-file__embed\" data=\"https:\/\/ennuestroparche.com\/wp-content\/uploads\/2023\/08\/Formularios-de-consentimiento..pdf\" type=\"application\/pdf\" style=\"width:100%;height:600px\" aria-label=\"Incrustado de Formularios-de-consentimiento..\"><\/object><a id=\"wp-block-file--media-b9d408a3-9757-4992-ade0-e2335ad344c3\" href=\"https:\/\/ennuestroparche.com\/wp-content\/uploads\/2023\/08\/Formularios-de-consentimiento..pdf\">Formularios-de-consentimiento.<\/a><a href=\"https:\/\/ennuestroparche.com\/wp-content\/uploads\/2023\/08\/Formularios-de-consentimiento..pdf\" class=\"wp-block-file__button wp-element-button\" download aria-describedby=\"wp-block-file--media-b9d408a3-9757-4992-ade0-e2335ad344c3\">Descarga<\/a><\/div>\n\n\n\n<div class=\"wp-block-file\"><object class=\"wp-block-file__embed\" data=\"https:\/\/ennuestroparche.com\/wp-content\/uploads\/2023\/08\/Formato-para-ejercicio-de-los-derechos-de-informacion-revocatoria-y-derechos-NUestro-Parche.pdf\" type=\"application\/pdf\" style=\"width:100%;height:600px\" aria-label=\"Incrustado de Formato-para-ejercicio-de-los-derechos-de-informacion-revocatoria-y-derechos-NUestro-Parche.\"><\/object><a id=\"wp-block-file--media-0929634a-5963-4a2f-b188-a589bec6b0c6\" href=\"https:\/\/ennuestroparche.com\/wp-content\/uploads\/2023\/08\/Formato-para-ejercicio-de-los-derechos-de-informacion-revocatoria-y-derechos-NUestro-Parche.pdf\">Formato-para-ejercicio-de-los-derechos-de-informacion-revocatoria-y-derechos-NUestro-Parche<\/a><a href=\"https:\/\/ennuestroparche.com\/wp-content\/uploads\/2023\/08\/Formato-para-ejercicio-de-los-derechos-de-informacion-revocatoria-y-derechos-NUestro-Parche.pdf\" class=\"wp-block-file__button wp-element-button\" download aria-describedby=\"wp-block-file--media-0929634a-5963-4a2f-b188-a589bec6b0c6\">Descarga<\/a><\/div>\n","protected":false},"excerpt":{"rendered":"<p>Nuestro Parche SASSomos un medio de comunicaci\u00f3n digital con una fuerte perspectiva social y participativa&#8230;.<\/p>\n","protected":false},"author":3,"featured_media":0,"parent":0,"menu_order":0,"comment_status":"closed","ping_status":"closed","template":"","meta":{"om_disable_all_campaigns":false,"_mi_skip_tracking":false},"aioseo_notices":[],"_links":{"self":[{"href":"https:\/\/ennuestroparche.com\/index.php\/wp-json\/wp\/v2\/pages\/1393"}],"collection":[{"href":"https:\/\/ennuestroparche.com\/index.php\/wp-json\/wp\/v2\/pages"}],"about":[{"href":"https:\/\/ennuestroparche.com\/index.php\/wp-json\/wp\/v2\/types\/page"}],"author":[{"embeddable":true,"href":"https:\/\/ennuestroparche.com\/index.php\/wp-json\/wp\/v2\/users\/3"}],"replies":[{"embeddable":true,"href":"https:\/\/ennuestroparche.com\/index.php\/wp-json\/wp\/v2\/comments?post=1393"}],"version-history":[{"count":2,"href":"https:\/\/ennuestroparche.com\/index.php\/wp-json\/wp\/v2\/pages\/1393\/revisions"}],"predecessor-version":[{"id":1398,"href":"https:\/\/ennuestroparche.com\/index.php\/wp-json\/wp\/v2\/pages\/1393\/revisions\/1398"}],"wp:attachment":[{"href":"https:\/\/ennuestroparche.com\/index.php\/wp-json\/wp\/v2\/media?parent=1393"}],"curies":[{"name":"wp","href":"https:\/\/api.w.org\/{rel}","templated":true}]}}