{"id":1229,"date":"2023-07-15T00:00:02","date_gmt":"2023-07-15T00:00:02","guid":{"rendered":"https:\/\/ennuestroparche.com\/?page_id=1229"},"modified":"2024-07-03T00:57:23","modified_gmt":"2024-07-03T00:57:23","slug":"nuestros-servicios","status":"publish","type":"page","link":"https:\/\/ennuestroparche.com\/index.php\/nuestros-servicios\/","title":{"rendered":"Nuestros Servicios"},"content":{"rendered":"\n<p>\u00bfNecesitas una soluci\u00f3n profesional para impulsar tu presencia en l\u00ednea? \u00a1Est\u00e1s en el lugar adecuado! En Nuestro Parche, nos especializamos en ofrecer servicios de comunicaci\u00f3n y contenido de alta calidad para llevar tu empresa al siguiente nivel. <\/p>\n\n\n\n<h2><strong>Difusi\u00f3n publicitaria:<\/strong><\/h2>\n\n\n\n<p> Divulgaci\u00f3n de banners, campa\u00f1as, mensajes insitucionales y contenido relevante de tu empresa en nuestras plataformas digitales, maximizando tu alcance y visibilidad.<\/p>\n\n\n\n<figure class=\"wp-block-image size-large\"><img decoding=\"async\" loading=\"lazy\" width=\"1024\" height=\"789\" src=\"https:\/\/ennuestroparche.com\/wp-content\/uploads\/2024\/06\/INFOGRAFIA-DIGLTA-NUESTRO-PARCHE.JPGMMMMM-1024x789.jpg\" alt=\"\" class=\"wp-image-2128\" srcset=\"https:\/\/ennuestroparche.com\/wp-content\/uploads\/2024\/06\/INFOGRAFIA-DIGLTA-NUESTRO-PARCHE.JPGMMMMM-1024x789.jpg 1024w, https:\/\/ennuestroparche.com\/wp-content\/uploads\/2024\/06\/INFOGRAFIA-DIGLTA-NUESTRO-PARCHE.JPGMMMMM-300x231.jpg 300w, https:\/\/ennuestroparche.com\/wp-content\/uploads\/2024\/06\/INFOGRAFIA-DIGLTA-NUESTRO-PARCHE.JPGMMMMM-768x591.jpg 768w, https:\/\/ennuestroparche.com\/wp-content\/uploads\/2024\/06\/INFOGRAFIA-DIGLTA-NUESTRO-PARCHE.JPGMMMMM-1536x1183.jpg 1536w, https:\/\/ennuestroparche.com\/wp-content\/uploads\/2024\/06\/INFOGRAFIA-DIGLTA-NUESTRO-PARCHE.JPGMMMMM-2048x1577.jpg 2048w\" sizes=\"(max-width: 1024px) 100vw, 1024px\" \/><\/figure>\n\n\n\n<div class=\"is-layout-flex wp-block-buttons\">\n<div class=\"wp-block-button\"><a class=\"wp-block-button__link wp-element-button\">Desde $ 400.000 sin IVA<\/a><\/div>\n<\/div>\n\n\n\n<h3><strong>Marketing de contenidos (Producci\u00f3n de contenido estrat\u00e9gico para tus redes sociales)<\/strong><\/h3>\n\n\n\n<p>Dedica tu tiempo a innovar y crecer tu negocio. Nosotros gestionamos tus redes sociales con estrategias efectivas y proporcionamos resultados medibles para que veas el impacto en tiempo real.<\/p>\n\n\n\n<div class=\"is-layout-flex wp-container-8 wp-block-columns alignwide\" style=\"margin-bottom:0\">\n<div class=\"is-layout-flow wp-elements-d754c1d89c4982481fb753a3fd778b68 wp-block-column has-blush-light-purple-gradient-background has-text-color has-background has-link-color\" style=\"color:#000000;padding-top:2em;padding-right:2em;padding-bottom:2em;padding-left:2em\">\n<h2 class=\"wp-block-heading\" id=\"single\" style=\"font-size:40px\"><strong>BRONCE<\/strong><\/h2>\n\n\n\n<p class=\"has-normal-font-size\" style=\"line-height:1.5\"><strong>B\u00c1SICO <\/strong><\/p>\n\n\n\n<p class=\"has-normal-font-size\" style=\"line-height:1.5\"><strong>(1 RED SOCIAL) <\/strong><\/p>\n\n\n\n<hr class=\"wp-block-separator has-text-color has-css-opacity has-background is-style-wide\" style=\"background-color:#000000;color:#000000\"\/>\n\n\n\n<p><strong>4 publicaciones x mes<\/strong><\/p>\n\n\n\n<p>(1 video, 2 fotos de servicio o producto, 1 artes gr\u00e1ficas)<\/p>\n\n\n\n<p><\/p>\n\n\n\n<p>1<strong> campa\u00f1as publicitarias pagadas <\/strong>(ADS)<\/p>\n\n\n\n<p><\/p>\n\n\n\n<p><strong>Desde <\/strong><\/p>\n\n\n\n<p><\/p>\n\n\n\n<div class=\"is-horizontal is-content-justification-center is-layout-flex wp-container-2 wp-block-buttons alignfull\">\n<div class=\"wp-block-button has-custom-width wp-block-button__width-100 is-style-fill\"><a class=\"wp-block-button__link has-white-color has-text-color has-background no-border-radius wp-element-button\" style=\"background-color:#000000\">$384.000 sin IVA <\/a><\/div>\n<\/div>\n<\/div>\n\n\n\n<div class=\"is-layout-flow wp-elements-dbbeebd3f36934b2ea8d548eb975c02b wp-block-column has-text-color has-background has-link-color\" style=\"color:#000000;background:linear-gradient(85deg,rgb(238,238,238) 29%,rgb(169,184,195) 97%);padding-top:2em;padding-right:2em;padding-bottom:2em;padding-left:2em\">\n<h2 class=\"wp-block-heading\" id=\"family\" style=\"font-size:40px\"><strong>PLATA<\/strong><\/h2>\n\n\n\n<p class=\"has-normal-font-size\" style=\"line-height:1.5\"><strong>EMPRESAS PEQUE\u00d1AS <\/strong><\/p>\n\n\n\n<p class=\"has-normal-font-size\" style=\"line-height:1.5\"><strong>(2 REDES SOCIALES)<\/strong><\/p>\n\n\n\n<hr class=\"wp-block-separator has-css-opacity is-style-wide\"\/>\n\n\n\n<p><strong style=\"font-size: revert; background-color: initial;\">8 publicaciones x mes<\/strong>   <\/p>\n\n\n\n<p>(2 videos, 2 fotos de servicio o producto, 4 artes gr\u00e1ficas)<\/p>\n\n\n\n<p><strong style=\"font-size: revert; background-color: initial;\">4 historias x mes<\/strong>    <\/p>\n\n\n\n<p><\/p>\n\n\n\n<p><strong style=\"font-size: revert; background-color: initial;\">2 campa\u00f1as publicitarias pagadas <\/strong><span style=\"font-size: revert; background-color: initial;\">(ADS)<\/span>   <\/p>\n\n\n\n<p><strong>Desde <\/strong><\/p>\n\n\n\n<p><\/p>\n\n\n\n<div class=\"is-horizontal is-content-justification-center is-layout-flex wp-container-4 wp-block-buttons alignfull\">\n<div class=\"wp-block-button has-custom-width wp-block-button__width-100 is-style-fill\"><a class=\"wp-block-button__link has-white-color has-text-color has-background no-border-radius wp-element-button\" style=\"background-color:#000000\">$768.000 SIn IVA<\/a><\/div>\n<\/div>\n<\/div>\n\n\n\n<div class=\"is-layout-flow wp-elements-7bb884d3e13143ad54997d0a27b31755 wp-block-column has-text-color has-background has-link-color\" style=\"color:#000000;background:linear-gradient(76deg,rgb(252,176,0) 43%,rgb(222,183,93) 72%);padding-top:2em;padding-right:2em;padding-bottom:2em;padding-left:2em\">\n<h2 class=\"has-text-align-left wp-block-heading\" id=\"patron\" style=\"font-size:40px\"><strong>ORO<\/strong><\/h2>\n\n\n\n<p class=\"has-normal-font-size\"><strong>EMPRESAS MEDIANAS <\/strong><\/p>\n\n\n\n<p class=\"has-normal-font-size\"><strong>(3 REDES SOCIALES)<\/strong><\/p>\n\n\n\n<hr class=\"wp-block-separator has-css-opacity is-style-wide\"\/>\n\n\n\n<p><strong>12 publicaciones x mes<\/strong><\/p>\n\n\n\n<p>(4 videos, 4 fotos de servicio o producto, 4 artes gr\u00e1ficas)<\/p>\n\n\n\n<p><strong>8 historias x mes<\/strong><\/p>\n\n\n\n<p><strong>Interacci\u00f3n con clientes potenciales<\/strong><\/p>\n\n\n\n<p><strong>4 campa\u00f1as publicitarias pagadas <\/strong>(ADS)<\/p>\n\n\n\n<p><strong>Informe y an\u00e1lisis de m\u00e9tricas mensuales<\/strong><\/p>\n\n\n\n<p><strong>Desde<\/strong><\/p>\n\n\n\n<div class=\"is-horizontal is-content-justification-center is-layout-flex wp-container-6 wp-block-buttons alignfull\">\n<div class=\"wp-block-button has-custom-width wp-block-button__width-100\"><a class=\"wp-block-button__link has-white-color has-text-color has-background no-border-radius wp-element-button\" style=\"background-color:#000000\">$1.000.000 sin IVA<\/a><\/div>\n<\/div>\n<\/div>\n<\/div>\n\n\n\n<div class=\"is-layout-flex wp-container-11 wp-block-columns alignwide\" style=\"margin-bottom:0\">\n<div class=\"is-layout-flow wp-elements-69236c8e80cc368bf1a9979b071f85ad wp-block-column has-text-color has-background has-link-color\" style=\"color:#000000;background:linear-gradient(123deg,rgb(255,245,203) 12%,rgb(182,227,212) 56%,rgb(51,167,181) 91%);padding-top:2em;padding-right:2em;padding-bottom:2em;padding-left:2em\">\n<h2 class=\"wp-block-heading\" id=\"single\" style=\"font-size:40px\">DIAMANTE<\/h2>\n\n\n\n<p class=\"has-normal-font-size\" style=\"line-height:1.5\"><strong>EMPRESAS GRANDES  <\/strong>(5 REDES SOCIALES)<\/p>\n\n\n\n<p><strong>25 publicaciones x mes<\/strong><\/p>\n\n\n\n<p>(8 videos, 8 fotos de servicio o producto, 9 artes gr\u00e1ficas)<\/p>\n\n\n\n<p><strong>16 historias<\/strong> x mes <\/p>\n\n\n\n<p><strong>Interacci\u00f3n con clientes potenciales<\/strong><\/p>\n\n\n\n<p><strong>10 campa\u00f1as publicitarias pagadas <\/strong>(ADS)<\/p>\n\n\n\n<p><strong>1 Sesi\u00f3n de Fotograf\u00eda profesional <\/strong><\/p>\n\n\n\n<p><strong>Informe y an\u00e1lisis de m\u00e9tricas mensuales<\/strong><\/p>\n\n\n\n<div class=\"is-horizontal is-content-justification-center is-layout-flex wp-container-9 wp-block-buttons alignfull\">\n<div class=\"wp-block-button has-custom-width wp-block-button__width-100\"><a class=\"wp-block-button__link has-white-color has-text-color has-background no-border-radius wp-element-button\" style=\"background-color:#000000\">$1.700.000 sin IVA<\/a><\/div>\n<\/div>\n<\/div>\n<\/div>\n\n\n\n<h2>Cobertura de eventos period\u00edsticos y empresariales:<\/h2>\n\n\n\n<p>Llevamos la historia de tu evento al p\u00fablico con precisi\u00f3n y profesionalismo, incluimos entrevistas exclusivas, fotograf\u00edas de alta calidad y  divulgaci\u00f3n en nuestras plataformas digitales, garantizando que tu evento sea capturado y difundido con profesionalismo y detalle.  <\/p>\n\n\n\n<p>Un video + 50 fotos.<\/p>\n\n\n\n<div class=\"is-layout-flex wp-block-buttons\">\n<div class=\"wp-block-button\"><a class=\"wp-block-button__link wp-element-button\">Desde $600.000 sin IVA<\/a><\/div>\n<\/div>\n\n\n\n<div class=\"is-layout-flex wp-container-14 wp-block-columns\">\n<div class=\"is-layout-flow wp-block-column\" style=\"flex-basis:100%\">\n<p class=\"has-text-align-center has-medium-font-size\"><strong>Colaborando con marcas l\u00edderes! Empresas reconocidas han confiado en nuestro trabajo.<\/strong><\/p>\n<\/div>\n<\/div>\n\n\n\n<figure class=\"wp-block-embed is-type-video is-provider-youtube wp-block-embed-youtube wp-embed-aspect-16-9 wp-has-aspect-ratio\"><div class=\"wp-block-embed__wrapper\">\n<iframe loading=\"lazy\" title=\"La historia que inspira al mundo: Cali se une por la biodiversidad\" width=\"640\" height=\"360\" src=\"https:\/\/www.youtube.com\/embed\/NM5StWiGERk?feature=oembed\" frameborder=\"0\" allow=\"accelerometer; autoplay; clipboard-write; encrypted-media; gyroscope; picture-in-picture; web-share\" referrerpolicy=\"strict-origin-when-cross-origin\" allowfullscreen><\/iframe>\n<\/div><figcaption class=\"wp-element-caption\">Lis Stylos, empresaria l\u00edder en la comuna 18 de Cali.<\/figcaption><\/figure>\n\n\n\n<figure class=\"wp-block-embed is-type-video is-provider-youtube wp-block-embed-youtube wp-embed-aspect-16-9 wp-has-aspect-ratio\"><div class=\"wp-block-embed__wrapper\">\n<iframe loading=\"lazy\" title=\"C\u00f3mo la F\u00e1brica de Calzado R\u00f3mulo impacta socialmente\" width=\"640\" height=\"360\" src=\"https:\/\/www.youtube.com\/embed\/BGQLWv6cjcg?feature=oembed\" frameborder=\"0\" allow=\"accelerometer; autoplay; clipboard-write; encrypted-media; gyroscope; picture-in-picture; web-share\" referrerpolicy=\"strict-origin-when-cross-origin\" allowfullscreen><\/iframe>\n<\/div><figcaption class=\"wp-element-caption\">Reconocida empresa del Valle del Cauca, F\u00e1brica Calzado Romulo.<\/figcaption><\/figure>\n\n\n\n<figure class=\"wp-block-embed is-type-video is-provider-youtube wp-block-embed-youtube wp-embed-aspect-16-9 wp-has-aspect-ratio\"><div class=\"wp-block-embed__wrapper\">\n<iframe loading=\"lazy\" title=\"\u00c9xito Total: El Encuentro de Mujeres Invencibles en el Centro Cultural Comfandi\" width=\"640\" height=\"360\" src=\"https:\/\/www.youtube.com\/embed\/WrnhydFDI2o?feature=oembed\" frameborder=\"0\" allow=\"accelerometer; autoplay; clipboard-write; encrypted-media; gyroscope; picture-in-picture; web-share\" referrerpolicy=\"strict-origin-when-cross-origin\" allowfullscreen><\/iframe>\n<\/div><figcaption class=\"wp-element-caption\">Destacada lider y mujer poderosa, Escuela de Formaci\u00f3n Lina Hernandez <\/figcaption><\/figure>\n\n\n\n<figure class=\"wp-block-embed is-type-video is-provider-youtube wp-block-embed-youtube wp-embed-aspect-16-9 wp-has-aspect-ratio\"><div class=\"wp-block-embed__wrapper\">\n<iframe loading=\"lazy\" title=\"De eso tan bueno S\u00cd dan tanto\" width=\"640\" height=\"360\" src=\"https:\/\/www.youtube.com\/embed\/3tXs4jHEiYI?feature=oembed\" frameborder=\"0\" allow=\"accelerometer; autoplay; clipboard-write; encrypted-media; gyroscope; picture-in-picture; web-share\" referrerpolicy=\"strict-origin-when-cross-origin\" allowfullscreen><\/iframe>\n<\/div><figcaption class=\"wp-element-caption\">Gobernaci\u00f3n del Valle del Cauca<\/figcaption><\/figure>\n","protected":false},"excerpt":{"rendered":"<p>\u00bfNecesitas una soluci\u00f3n profesional para impulsar tu presencia en l\u00ednea? \u00a1Est\u00e1s en el lugar adecuado!&#8230;<\/p>\n","protected":false},"author":1,"featured_media":0,"parent":0,"menu_order":0,"comment_status":"closed","ping_status":"closed","template":"","meta":{"om_disable_all_campaigns":false,"_mi_skip_tracking":false},"aioseo_notices":[],"_links":{"self":[{"href":"https:\/\/ennuestroparche.com\/index.php\/wp-json\/wp\/v2\/pages\/1229"}],"collection":[{"href":"https:\/\/ennuestroparche.com\/index.php\/wp-json\/wp\/v2\/pages"}],"about":[{"href":"https:\/\/ennuestroparche.com\/index.php\/wp-json\/wp\/v2\/types\/page"}],"author":[{"embeddable":true,"href":"https:\/\/ennuestroparche.com\/index.php\/wp-json\/wp\/v2\/users\/1"}],"replies":[{"embeddable":true,"href":"https:\/\/ennuestroparche.com\/index.php\/wp-json\/wp\/v2\/comments?post=1229"}],"version-history":[{"count":22,"href":"https:\/\/ennuestroparche.com\/index.php\/wp-json\/wp\/v2\/pages\/1229\/revisions"}],"predecessor-version":[{"id":2139,"href":"https:\/\/ennuestroparche.com\/index.php\/wp-json\/wp\/v2\/pages\/1229\/revisions\/2139"}],"wp:attachment":[{"href":"https:\/\/ennuestroparche.com\/index.php\/wp-json\/wp\/v2\/media?parent=1229"}],"curies":[{"name":"wp","href":"https:\/\/api.w.org\/{rel}","templated":true}]}}